{"id":753,"date":"2023-11-07T12:50:39","date_gmt":"2023-11-07T11:50:39","guid":{"rendered":"https:\/\/ingolf.cz\/turnaje\/family-trophy\/"},"modified":"2025-05-15T10:39:19","modified_gmt":"2025-05-15T08:39:19","slug":"family-trophy","status":"publish","type":"page","link":"https:\/\/ingolf.cz\/en\/tournaments\/family-trophy\/","title":{"rendered":"Family trophy"},"content":{"rendered":"\n<div class=\"wp-block-group is-style-section--normal\"><div class=\"wp-block-group__inner-container is-layout-constrained wp-block-group-is-layout-constrained\">\n<div class=\"wp-block-media-text is-stacked-on-mobile\"><figure class=\"wp-block-media-text__media\"><img loading=\"lazy\" decoding=\"async\" width=\"1024\" height=\"768\" src=\"https:\/\/ingolf.cz\/wp-content\/uploads\/2024\/02\/IMG-20230619-WA0006-Copy.jpg\" alt=\"\" class=\"wp-image-454 size-full\" srcset=\"https:\/\/ingolf.cz\/wp-content\/uploads\/2024\/02\/IMG-20230619-WA0006-Copy.jpg 1024w, https:\/\/ingolf.cz\/wp-content\/uploads\/2024\/02\/IMG-20230619-WA0006-Copy-306x230.jpg 306w, https:\/\/ingolf.cz\/wp-content\/uploads\/2024\/02\/IMG-20230619-WA0006-Copy-768x576.jpg 768w\" sizes=\"auto, (max-width: 1024px) 100vw, 1024px\" \/><\/figure><div class=\"wp-block-media-text__content\">\n<p class=\"is-style-page-subheading\">The family \u2013 team unlike any other.<\/p>\n\n\n\n<h1 class=\"wp-block-heading\">Family Trophy<\/h1>\n\n\n\n<p>Although golf is a&nbsp;strongly individual sport, the most emotional moments and the most beautiful moments occur in competitions where golfers play in pairs or as a&nbsp;team. A&nbsp;parent&#8217;s&nbsp;game with his or her child is a&nbsp;the best team possible. The final day of the Family Trophy takes place on Father&#8217;s&nbsp;Day. The Family Trophy inaugural edition in &#8217;23 was the start of a&nbsp;tradition that aims to provide parents and their children with unforgettable memories during the competition weekend. The concept of family pairs celebrated a&nbsp;stunning success in the Czech Republic at the turn of the millennium under the name Family Cup.<\/p>\n\n\n\n<p>A two-round tournament weekend for parent-child teams. Designed for all ages and skill levels, including professionals. All pairs play in a&nbsp;common category using a&nbsp;unique rating system and what golf has been the only one of all sports to offer since time immemorial \u2013 different tees for individual types and performance of players. The competition syestem is the sum of gross and net stableford points. The competition weekend is enriched with a&nbsp;Garden Party early evening on Saturday, additional competitions and other ideas in order to create a&nbsp;place, time and space for unforgettable moments of the participants.<\/p>\n<\/div><\/div>\n\n\n\n<div class=\"wp-block-media-text has-media-on-the-right is-stacked-on-mobile is-image-fill-element\"><div class=\"wp-block-media-text__content\">\n<p>The proceeds of the event are donated to the charity association \u201eSlune\u010dn\u00ed paprsek\u201c MUDr. Pavel Bo\u010dek from the Faculty Hospital in Motol, Prague, which provides trips to the seaside for children undergoing oncology treatment or just after treatment or in a&nbsp;unreversable state of the illness. In 2023, Family Trophy donated 255,000 CZK to Slune\u010dn\u00ed paprsek.<\/p>\n\n\n\n<p>The Family trophy is a&nbsp;memorial to Jaroslav Besper\u00e1t, the then General Manager of \u010cesk\u00e1 podnikatelsk\u00e1 poji\u0161\u0165ovna, who was at the birth of the idea and who planned to participate in the first year with his son Luk\u00e1\u0161. The day before signing the contract of the Title partnership of \u010cPP with Family Trophy, he suddenly and very unexpectedly died. His son Luk\u00e1\u0161 is the official Host of the tournament and presents the trophies to the winners.<\/p>\n\n\n\n<p>Family Trophy second edition in June 2024 will include a&nbsp;special, yet somewhat \u201eunofficial\u201c category for the spouse\/partner teams.<\/p>\n\n\n\n<p>The best individual stroke play performance in the under-18 category is rewarded with a&nbsp;\u201eplay and stay\u201c voucher for the Golf Mad WAGR tournament in Belek, Turkey, in November. The trophy sponsored by INGOLF partnership agency, the GOLF MAD.<\/p>\n\n\n\n<p>The Inaugural Family Trophy U-18 winner Daniel Dr\u00e1bek represented Czech Republic in 2023 and finished as a&nbsp;runner up in a&nbsp;3 round tournament in fabulous Gloria Resort.<\/p>\n\n\n\n<p>The winning pair of the first edition was Petr Barto\u0148 and his son Tobi\u00e1\u0161.<\/p>\n\n\n\n<p>As of 2024 the teams will play for the financial rewards.<\/p>\n<\/div><figure class=\"wp-block-media-text__media\"><img loading=\"lazy\" decoding=\"async\" width=\"1200\" height=\"583\" src=\"https:\/\/ingolf.cz\/wp-content\/uploads\/2024\/02\/20230617_090512-1200x583.jpg\" alt=\"\" class=\"wp-image-441 size-full\" style=\"object-position:50% 50%\" srcset=\"https:\/\/ingolf.cz\/wp-content\/uploads\/2024\/02\/20230617_090512-1200x583.jpg 1200w, https:\/\/ingolf.cz\/wp-content\/uploads\/2024\/02\/20230617_090512-306x149.jpg 306w, https:\/\/ingolf.cz\/wp-content\/uploads\/2024\/02\/20230617_090512-768x373.jpg 768w, https:\/\/ingolf.cz\/wp-content\/uploads\/2024\/02\/20230617_090512-1536x747.jpg 1536w, https:\/\/ingolf.cz\/wp-content\/uploads\/2024\/02\/20230617_090512-2048x996.jpg 2048w\" sizes=\"auto, (max-width: 1200px) 100vw, 1200px\" \/><\/figure><\/div>\n<\/div><\/div>\n\n\n\n<div class=\"wp-block-group is-style-section--background\"><div class=\"wp-block-group__inner-container is-layout-constrained wp-block-group-is-layout-constrained\">\n<h2 class=\"wp-block-heading has-text-align-center\">Basic information<\/h2>\n\n\n\n<div class=\"wp-block-columns is-layout-flex wp-container-core-columns-is-layout-9d6595d7 wp-block-columns-is-layout-flex\">\n<div class=\"wp-block-column is-layout-flow wp-block-column-is-layout-flow\">\n<p>A one-day tournament for family pairs. The sum of stableford net and gross points in both categories. Open to all age, status and performance categories, amateurs and professionals. The team must consist of a&nbsp;parent and child in the main category. Any other relationships, including \u201eshared roof\u201c in the \u201eother\u201c category.<\/p>\n\n\n\n<p><strong>Registration for the tournament is only possible via the&nbsp;<a href=\"https:\/\/ingolf.cz\/en\/tournaments\/family-trophy\/#kontakt\">form<\/a>&nbsp;below and by registering each player individually to GFC server.<\/strong><\/p>\n<\/div>\n\n\n\n<div class=\"wp-block-column is-layout-flow wp-block-column-is-layout-flow\">\n<p><strong>The third edition of the Family Trophy 2025 takes place on June 21 at Prague City Golf Vino\u0159.<\/strong><\/p>\n\n\n\n<p><strong>The entry fee is 4000 per couple regardless of category entered is payable upon the registration. &nbsp;<\/strong><\/p>\n\n\n\n<p><strong>The deadline for applications and payments is June 18, 2025.<\/strong><\/p>\n<\/div>\n<\/div>\n<\/div><\/div>\n\n\n\n<div class=\"wp-block-group is-style-section--normal\"><div class=\"wp-block-group__inner-container is-layout-constrained wp-block-group-is-layout-constrained\">\n<h2 class=\"wp-block-heading has-text-align-center\">Event partners<\/h2>\n\n\n    <div class=\"partners\">\r\n                    <div class=\"partners__item\">\r\n                <img decoding=\"async\" src=\"https:\/\/ingolf.cz\/wp-content\/uploads\/2024\/02\/logo-cpp.svg\" class=\"attachment-full size-full\" alt=\"\" \/>            <\/div>\r\n                    <div class=\"partners__item\">\r\n                <img decoding=\"async\" src=\"https:\/\/ingolf.cz\/wp-content\/uploads\/2024\/02\/logo-citroen.svg\" class=\"attachment-full size-full\" alt=\"\" \/>            <\/div>\r\n                    <div class=\"partners__item\">\r\n                <img loading=\"lazy\" decoding=\"async\" width=\"250\" height=\"204\" src=\"https:\/\/ingolf.cz\/wp-content\/uploads\/2024\/02\/logo-Madgolf.png\" class=\"attachment-full size-full\" alt=\"\" \/>            <\/div>\r\n                    <div class=\"partners__item\">\r\n                <img loading=\"lazy\" decoding=\"async\" width=\"874\" height=\"251\" src=\"https:\/\/ingolf.cz\/wp-content\/uploads\/2024\/02\/slunecni-paprsek.png\" class=\"attachment-full size-full\" alt=\"\" srcset=\"https:\/\/ingolf.cz\/wp-content\/uploads\/2024\/02\/slunecni-paprsek.png 874w, https:\/\/ingolf.cz\/wp-content\/uploads\/2024\/02\/slunecni-paprsek-306x88.png 306w, https:\/\/ingolf.cz\/wp-content\/uploads\/2024\/02\/slunecni-paprsek-768x221.png 768w\" sizes=\"auto, (max-width: 874px) 100vw, 874px\" \/>            <\/div>\r\n                    <div class=\"partners__item\">\r\n                <img decoding=\"async\" src=\"https:\/\/ingolf.cz\/wp-content\/uploads\/2024\/02\/Gloria-logo.svg\" class=\"attachment-full size-full\" alt=\"\" \/>            <\/div>\r\n                    <div class=\"partners__item\">\r\n                <img decoding=\"async\" src=\"https:\/\/ingolf.cz\/wp-content\/uploads\/2024\/02\/logo-veolia.svg\" class=\"attachment-full size-full\" alt=\"\" \/>            <\/div>\r\n            <\/div>\r\n<\/div><\/div>\n\n\n\n<div class=\"wp-block-group is-style-section--normal\"><div class=\"wp-block-group__inner-container is-layout-constrained wp-block-group-is-layout-constrained\">\n<h2 class=\"wp-block-heading has-text-align-center\">Gallery<\/h2>\n\n\n\n<figure class=\"wp-block-gallery has-nested-images columns-5 is-cropped wp-block-gallery-1 is-layout-flex wp-block-gallery-is-layout-flex\">\n<figure class=\"wp-block-image size-gallery\"><a href=\"https:\/\/ingolf.cz\/wp-content\/uploads\/2024\/02\/IMG-20230619-WA0006.jpg\" data-lbwps-gid=\"2\" data-lbwps-width=\"967\" data-lbwps-height=\"768\" data-lbwps-srcsmall=\"https:\/\/ingolf.cz\/wp-content\/uploads\/2024\/02\/IMG-20230619-WA0006-306x243.jpg\"><img loading=\"lazy\" decoding=\"async\" width=\"306\" height=\"230\" data-id=\"455\" src=\"https:\/\/ingolf.cz\/wp-content\/uploads\/2024\/02\/IMG-20230619-WA0006-306x230.jpg\" alt=\"\" class=\"wp-image-455\"\/><\/a><\/figure>\n\n\n\n<figure class=\"wp-block-image size-gallery\"><a href=\"https:\/\/ingolf.cz\/wp-content\/uploads\/2024\/02\/20230618_160932.jpg\" data-lbwps-gid=\"2\" data-lbwps-width=\"3536\" data-lbwps-height=\"1960\" data-lbwps-srcsmall=\"https:\/\/ingolf.cz\/wp-content\/uploads\/2024\/02\/20230618_160932-306x170.jpg\"><img loading=\"lazy\" decoding=\"async\" width=\"306\" height=\"230\" data-id=\"452\" src=\"https:\/\/ingolf.cz\/wp-content\/uploads\/2024\/02\/20230618_160932-306x230.jpg\" alt=\"\" class=\"wp-image-452\"\/><\/a><\/figure>\n\n\n\n<figure class=\"wp-block-image size-gallery\"><a href=\"https:\/\/ingolf.cz\/wp-content\/uploads\/2024\/02\/20230618_130824.jpg\" data-lbwps-gid=\"2\" data-lbwps-width=\"4032\" data-lbwps-height=\"1960\" data-lbwps-srcsmall=\"https:\/\/ingolf.cz\/wp-content\/uploads\/2024\/02\/20230618_130824-306x149.jpg\"><img loading=\"lazy\" decoding=\"async\" width=\"306\" height=\"230\" data-id=\"451\" src=\"https:\/\/ingolf.cz\/wp-content\/uploads\/2024\/02\/20230618_130824-306x230.jpg\" alt=\"\" class=\"wp-image-451\"\/><\/a><\/figure>\n\n\n\n<figure class=\"wp-block-image size-gallery\"><a href=\"https:\/\/ingolf.cz\/wp-content\/uploads\/2024\/02\/20230618_090449.jpg\" data-lbwps-gid=\"2\" data-lbwps-width=\"4032\" data-lbwps-height=\"1960\" data-lbwps-srcsmall=\"https:\/\/ingolf.cz\/wp-content\/uploads\/2024\/02\/20230618_090449-306x149.jpg\"><img loading=\"lazy\" decoding=\"async\" width=\"306\" height=\"230\" data-id=\"450\" src=\"https:\/\/ingolf.cz\/wp-content\/uploads\/2024\/02\/20230618_090449-306x230.jpg\" alt=\"\" class=\"wp-image-450\"\/><\/a><\/figure>\n\n\n\n<figure class=\"wp-block-image size-gallery\"><a href=\"https:\/\/ingolf.cz\/wp-content\/uploads\/2024\/02\/20230618_090327.jpg\" data-lbwps-gid=\"2\" data-lbwps-width=\"1960\" data-lbwps-height=\"4032\" data-lbwps-srcsmall=\"https:\/\/ingolf.cz\/wp-content\/uploads\/2024\/02\/20230618_090327.jpg\"><img loading=\"lazy\" decoding=\"async\" width=\"306\" height=\"230\" data-id=\"449\" src=\"https:\/\/ingolf.cz\/wp-content\/uploads\/2024\/02\/20230618_090327-306x230.jpg\" alt=\"\" class=\"wp-image-449\"\/><\/a><\/figure>\n\n\n\n<figure class=\"wp-block-image size-gallery\"><a href=\"https:\/\/ingolf.cz\/wp-content\/uploads\/2024\/02\/20230617_125806.jpg\" data-lbwps-gid=\"2\" data-lbwps-width=\"4032\" data-lbwps-height=\"1960\" data-lbwps-srcsmall=\"https:\/\/ingolf.cz\/wp-content\/uploads\/2024\/02\/20230617_125806-306x149.jpg\"><img loading=\"lazy\" decoding=\"async\" width=\"306\" height=\"230\" data-id=\"448\" src=\"https:\/\/ingolf.cz\/wp-content\/uploads\/2024\/02\/20230617_125806-306x230.jpg\" alt=\"\" class=\"wp-image-448\"\/><\/a><\/figure>\n\n\n\n<figure class=\"wp-block-image size-gallery\"><a href=\"https:\/\/ingolf.cz\/wp-content\/uploads\/2024\/02\/20230617_125753.jpg\" data-lbwps-gid=\"2\" data-lbwps-width=\"4032\" data-lbwps-height=\"1960\" data-lbwps-srcsmall=\"https:\/\/ingolf.cz\/wp-content\/uploads\/2024\/02\/20230617_125753-306x149.jpg\"><img loading=\"lazy\" decoding=\"async\" width=\"306\" height=\"230\" data-id=\"447\" src=\"https:\/\/ingolf.cz\/wp-content\/uploads\/2024\/02\/20230617_125753-306x230.jpg\" alt=\"\" class=\"wp-image-447\"\/><\/a><\/figure>\n\n\n\n<figure class=\"wp-block-image size-gallery\"><a href=\"https:\/\/ingolf.cz\/wp-content\/uploads\/2024\/02\/20230617_125633.jpg\" data-lbwps-gid=\"2\" data-lbwps-width=\"4032\" data-lbwps-height=\"1960\" data-lbwps-srcsmall=\"https:\/\/ingolf.cz\/wp-content\/uploads\/2024\/02\/20230617_125633-306x149.jpg\"><img loading=\"lazy\" decoding=\"async\" width=\"306\" height=\"230\" data-id=\"446\" src=\"https:\/\/ingolf.cz\/wp-content\/uploads\/2024\/02\/20230617_125633-306x230.jpg\" alt=\"\" class=\"wp-image-446\"\/><\/a><\/figure>\n\n\n\n<figure class=\"wp-block-image size-gallery\"><a href=\"https:\/\/ingolf.cz\/wp-content\/uploads\/2024\/02\/20230617_121203.jpg\" data-lbwps-gid=\"2\" data-lbwps-width=\"4032\" data-lbwps-height=\"1960\" data-lbwps-srcsmall=\"https:\/\/ingolf.cz\/wp-content\/uploads\/2024\/02\/20230617_121203-306x149.jpg\"><img loading=\"lazy\" decoding=\"async\" width=\"306\" height=\"230\" data-id=\"445\" src=\"https:\/\/ingolf.cz\/wp-content\/uploads\/2024\/02\/20230617_121203-306x230.jpg\" alt=\"\" class=\"wp-image-445\"\/><\/a><\/figure>\n\n\n\n<figure class=\"wp-block-image size-gallery\"><a href=\"https:\/\/ingolf.cz\/wp-content\/uploads\/2024\/02\/20230617_090658.jpg\" data-lbwps-gid=\"2\" data-lbwps-width=\"4032\" data-lbwps-height=\"1960\" data-lbwps-srcsmall=\"https:\/\/ingolf.cz\/wp-content\/uploads\/2024\/02\/20230617_090658-306x149.jpg\"><img loading=\"lazy\" decoding=\"async\" width=\"306\" height=\"230\" data-id=\"444\" src=\"https:\/\/ingolf.cz\/wp-content\/uploads\/2024\/02\/20230617_090658-306x230.jpg\" alt=\"\" class=\"wp-image-444\"\/><\/a><\/figure>\n\n\n\n<figure class=\"wp-block-image size-gallery\"><a href=\"https:\/\/ingolf.cz\/wp-content\/uploads\/2024\/02\/20230617_090631.jpg\" data-lbwps-gid=\"2\" data-lbwps-width=\"2901\" data-lbwps-height=\"1529\" data-lbwps-srcsmall=\"https:\/\/ingolf.cz\/wp-content\/uploads\/2024\/02\/20230617_090631-306x161.jpg\"><img loading=\"lazy\" decoding=\"async\" width=\"306\" height=\"230\" data-id=\"443\" src=\"https:\/\/ingolf.cz\/wp-content\/uploads\/2024\/02\/20230617_090631-306x230.jpg\" alt=\"\" class=\"wp-image-443\"\/><\/a><\/figure>\n\n\n\n<figure class=\"wp-block-image size-gallery\"><a href=\"https:\/\/ingolf.cz\/wp-content\/uploads\/2024\/02\/20230617_090512.jpg\" data-lbwps-gid=\"2\" data-lbwps-width=\"4032\" data-lbwps-height=\"1960\" data-lbwps-srcsmall=\"https:\/\/ingolf.cz\/wp-content\/uploads\/2024\/02\/20230617_090512-306x149.jpg\"><img loading=\"lazy\" decoding=\"async\" width=\"306\" height=\"230\" data-id=\"441\" src=\"https:\/\/ingolf.cz\/wp-content\/uploads\/2024\/02\/20230617_090512-306x230.jpg\" alt=\"\" class=\"wp-image-441\"\/><\/a><\/figure>\n\n\n\n<figure class=\"wp-block-image size-gallery\"><a href=\"https:\/\/ingolf.cz\/wp-content\/uploads\/2024\/02\/20230617_090558.jpg\" data-lbwps-gid=\"2\" data-lbwps-width=\"4032\" data-lbwps-height=\"1960\" data-lbwps-srcsmall=\"https:\/\/ingolf.cz\/wp-content\/uploads\/2024\/02\/20230617_090558-306x149.jpg\"><img loading=\"lazy\" decoding=\"async\" width=\"306\" height=\"230\" data-id=\"442\" src=\"https:\/\/ingolf.cz\/wp-content\/uploads\/2024\/02\/20230617_090558-306x230.jpg\" alt=\"\" class=\"wp-image-442\"\/><\/a><\/figure>\n<\/figure>\n<\/div><\/div>\n\n\n\n<div id=\"kontakt\" class=\"wp-block-group is-style-section--normal\"><div class=\"wp-block-group__inner-container is-layout-constrained wp-block-group-is-layout-constrained\">\n<div class=\"wp-block-columns are-vertically-aligned-center is-layout-flex wp-container-core-columns-is-layout-9d6595d7 wp-block-columns-is-layout-flex\">\n<div class=\"wp-block-column is-vertically-aligned-center is-layout-flow wp-block-column-is-layout-flow\">\n<h1 class=\"wp-block-heading\">Registration<\/h1>\n\n\n\n<p><strong>The application form needs to be filled in as well as each player has to be registered through the CGF server. The deadline for applications is June 18, 2025.<\/strong><\/p>\n\n\n\n<p><strong>Looking forward to seeing you there<\/strong><\/p>\n<\/div>\n\n\n\n<div class=\"wp-block-column is-vertically-aligned-center is-layout-flow wp-block-column-is-layout-flow\">\n<div class=\"wp-block-contact-form-7-contact-form-selector\">\n<div class=\"wpcf7 no-js\" id=\"wpcf7-f774-o1\" lang=\"cs-CZ\" dir=\"ltr\" data-wpcf7-id=\"774\">\n<div class=\"screen-reader-response\"><p role=\"status\" aria-live=\"polite\" aria-atomic=\"true\"><\/p> <ul><\/ul><\/div>\n<form action=\"\/en\/wp-json\/wp\/v2\/pages\/753#wpcf7-f774-o1\" method=\"post\" class=\"wpcf7-form init wpcf7-acceptance-as-validation\" aria-label=\"Kontaktn\u00ed formul\u00e1\u0159\" novalidate=\"novalidate\" data-status=\"init\">\n<fieldset class=\"hidden-fields-container\"><input type=\"hidden\" name=\"_wpcf7\" value=\"774\" \/><input type=\"hidden\" name=\"_wpcf7_version\" value=\"6.1.1\" \/><input type=\"hidden\" name=\"_wpcf7_locale\" value=\"cs_CZ\" \/><input type=\"hidden\" name=\"_wpcf7_unit_tag\" value=\"wpcf7-f774-o1\" \/><input type=\"hidden\" name=\"_wpcf7_container_post\" value=\"0\" \/><input type=\"hidden\" name=\"_wpcf7_posted_data_hash\" value=\"\" \/>\n<\/fieldset>\n<div class=\"form__row\">\n<div class=\"form__input-wrapper\">\n        <label class=\"label\" for=\"full-name\">Contact person <span>*<\/span><\/label>\n        <span class=\"wpcf7-form-control-wrap\" data-name=\"full-name\"><input size=\"40\" maxlength=\"400\" class=\"wpcf7-form-control wpcf7-text wpcf7-validates-as-required\" id=\"full-name\" aria-required=\"true\" aria-invalid=\"false\" value=\"\" type=\"text\" name=\"full-name\" \/><\/span>\n    <\/div>\n<\/div>\n<div class=\"form__row\">\n    <div class=\"form__input-wrapper\">\n        <label class=\"label\" for=\"phone\">Phone<\/label>\n        <span class=\"wpcf7-form-control-wrap\" data-name=\"phone\"><input size=\"40\" maxlength=\"400\" class=\"wpcf7-form-control wpcf7-tel wpcf7-text wpcf7-validates-as-tel\" id=\"phone\" aria-invalid=\"false\" value=\"\" type=\"tel\" name=\"phone\" \/><\/span>\n    <\/div>\n    <div class=\"form__input-wrapper\">\n        <label class=\"label\" for=\"email\">E-mail <span>*<\/span><\/label>\n        <span class=\"wpcf7-form-control-wrap\" data-name=\"email\"><input size=\"40\" maxlength=\"400\" class=\"wpcf7-form-control wpcf7-email wpcf7-validates-as-required wpcf7-text wpcf7-validates-as-email\" id=\"email\" aria-required=\"true\" aria-invalid=\"false\" value=\"\" type=\"email\" name=\"email\" \/><\/span>\n    <\/div>\n<\/div>\n<h4>Category<\/h4>\n<span class=\"wpcf7-form-control-wrap\" data-name=\"category\"><span class=\"wpcf7-form-control wpcf7-radio form-category\" id=\"form-category\"><span class=\"wpcf7-list-item first\"><label><input type=\"radio\" name=\"category\" value=\"Parents and children\" checked=\"checked\" \/><span class=\"wpcf7-list-item-label\">Parents and children<\/span><\/label><\/span><span class=\"wpcf7-list-item last\"><label><input type=\"radio\" name=\"category\" value=\"Couples\" \/><span class=\"wpcf7-list-item-label\">Couples<\/span><\/label><\/span><\/span><\/span>\n<h4>Players<\/h4>\n<div class=\"form__row form__row--2-1\">\n    <div class=\"form__row-number\">1.<\/div>\n    <div class=\"form__input-wrapper\">\n        <label class=\"label\" for=\"player1\">Player name <span>*<\/span><\/label>\n        <span class=\"wpcf7-form-control-wrap\" data-name=\"player1\"><input size=\"40\" maxlength=\"400\" class=\"wpcf7-form-control wpcf7-text wpcf7-validates-as-required\" id=\"player1\" aria-required=\"true\" aria-invalid=\"false\" value=\"\" type=\"text\" name=\"player1\" \/><\/span>\n    <\/div>\n    <div class=\"form__input-wrapper\">\n        <label class=\"label\" for=\"player1number\">Reg. number \u010cGF <span>*<\/span><\/label>\n        <span class=\"wpcf7-form-control-wrap\" data-name=\"player1number\"><input size=\"40\" maxlength=\"400\" class=\"wpcf7-form-control wpcf7-text wpcf7-validates-as-required\" id=\"player1number\" aria-required=\"true\" aria-invalid=\"false\" value=\"\" type=\"text\" name=\"player1number\" \/><\/span>\n    <\/div>\n<\/div>\n<div class=\"form__row form__row--2-1\">\n    <div class=\"form__row-number\">2.<\/div>\n    <div class=\"form__input-wrapper\">\n        <label class=\"label\" for=\"player2\">Player name <span>*<\/span><\/label>\n        <span class=\"wpcf7-form-control-wrap\" data-name=\"player2\"><input size=\"40\" maxlength=\"400\" class=\"wpcf7-form-control wpcf7-text wpcf7-validates-as-required\" id=\"player2\" aria-required=\"true\" aria-invalid=\"false\" value=\"\" type=\"text\" name=\"player2\" \/><\/span>\n    <\/div>\n    <div class=\"form__input-wrapper\">\n        <label class=\"label\" for=\"player2number\">Reg. number \u010cGF <span>*<\/span><\/label>\n        <span class=\"wpcf7-form-control-wrap\" data-name=\"player2number\"><input size=\"40\" maxlength=\"400\" class=\"wpcf7-form-control wpcf7-text wpcf7-validates-as-required\" id=\"player2number\" aria-required=\"true\" aria-invalid=\"false\" value=\"\" type=\"text\" name=\"player2number\" \/><\/span>\n    <\/div>\n<\/div>\n\n<span id=\"wpcf7-69f8756ec0e66-wrapper\" class=\"wpcf7-form-control-wrap website-wrap\" ><input type=\"hidden\" name=\"website-time-start\" value=\"1777890670\"><input type=\"hidden\" name=\"website-time-check\" value=\"4\"><input id=\"website\"  class=\"wpcf7-form-control wpcf7-text website\" type=\"text\" name=\"website\" value=\"\" size=\"40\" tabindex=\"-1\" autocomplete=\"off\" \/><\/span>\n<span class=\"wpcf7-form-control-wrap\" data-name=\"acceptance\"><span class=\"wpcf7-form-control wpcf7-acceptance\"><span class=\"wpcf7-list-item\"><label><input type=\"checkbox\" name=\"acceptance\" value=\"1\" class=\"acceptance\" id=\"acceptance\" aria-invalid=\"false\" \/><span class=\"wpcf7-list-item-label\">By submitting the form, you agree to the processing of personal data for communication purposes.<\/span><\/label><\/span><\/span><\/span>\n<div class=\"submit-wrapper\">\n    <div class=\"wpcf7-spinner\"><\/div>\n    <button class=\"button wpcf7-form-control wpcf7-submit\">Send message<\/button>\n<\/div><div class=\"wpcf7-response-output\" aria-hidden=\"true\"><\/div>\n<\/form>\n<\/div>\n<\/div>\n<\/div>\n<\/div>\n<\/div><\/div>\n","protected":false},"excerpt":{"rendered":"<p>The family \u2013 team unlike any other. Family Trophy Although golf is a&nbsp;strongly individual sport, the most emotional moments and&#8230;<\/p>\n","protected":false},"author":1,"featured_media":0,"parent":749,"menu_order":1,"comment_status":"closed","ping_status":"closed","template":"","meta":{"_acf_changed":false,"footnotes":""},"class_list":["post-753","page","type-page","status-publish","hentry"],"acf":[],"_links":{"self":[{"href":"https:\/\/ingolf.cz\/en\/wp-json\/wp\/v2\/pages\/753","targetHints":{"allow":["GET"]}}],"collection":[{"href":"https:\/\/ingolf.cz\/en\/wp-json\/wp\/v2\/pages"}],"about":[{"href":"https:\/\/ingolf.cz\/en\/wp-json\/wp\/v2\/types\/page"}],"author":[{"embeddable":true,"href":"https:\/\/ingolf.cz\/en\/wp-json\/wp\/v2\/users\/1"}],"replies":[{"embeddable":true,"href":"https:\/\/ingolf.cz\/en\/wp-json\/wp\/v2\/comments?post=753"}],"version-history":[{"count":5,"href":"https:\/\/ingolf.cz\/en\/wp-json\/wp\/v2\/pages\/753\/revisions"}],"predecessor-version":[{"id":1050,"href":"https:\/\/ingolf.cz\/en\/wp-json\/wp\/v2\/pages\/753\/revisions\/1050"}],"up":[{"embeddable":true,"href":"https:\/\/ingolf.cz\/en\/wp-json\/wp\/v2\/pages\/749"}],"wp:attachment":[{"href":"https:\/\/ingolf.cz\/en\/wp-json\/wp\/v2\/media?parent=753"}],"curies":[{"name":"wp","href":"https:\/\/api.w.org\/{rel}","templated":true}]}}