{"id":747,"date":"2024-01-29T12:48:31","date_gmt":"2024-01-29T11:48:31","guid":{"rendered":"https:\/\/ingolf.cz\/treninky-s-alanem\/"},"modified":"2024-04-03T10:52:04","modified_gmt":"2024-04-03T08:52:04","slug":"training-with-alan-babicky","status":"publish","type":"page","link":"https:\/\/ingolf.cz\/en\/our-services\/training-with-alan-babicky\/","title":{"rendered":"Training with Alan Babicky"},"content":{"rendered":"\n<div class=\"wp-block-group is-style-section--normal\"><div class=\"wp-block-group__inner-container is-layout-constrained wp-block-group-is-layout-constrained\">\n<h1 class=\"wp-block-heading\">Training with Alan Babick\u00fd<\/h1>\n\n\n\n<div class=\"wp-block-media-text is-stacked-on-mobile\"><figure class=\"wp-block-media-text__media\"><img loading=\"lazy\" decoding=\"async\" width=\"1200\" height=\"800\" src=\"https:\/\/ingolf.cz\/wp-content\/uploads\/2024\/03\/ingolf-hp-slider-2-1200x800.jpg\" alt=\"\" class=\"wp-image-532 size-full\" srcset=\"https:\/\/ingolf.cz\/wp-content\/uploads\/2024\/03\/ingolf-hp-slider-2-1200x800.jpg 1200w, https:\/\/ingolf.cz\/wp-content\/uploads\/2024\/03\/ingolf-hp-slider-2-306x204.jpg 306w, https:\/\/ingolf.cz\/wp-content\/uploads\/2024\/03\/ingolf-hp-slider-2-768x512.jpg 768w, https:\/\/ingolf.cz\/wp-content\/uploads\/2024\/03\/ingolf-hp-slider-2-1536x1024.jpg 1536w, https:\/\/ingolf.cz\/wp-content\/uploads\/2024\/03\/ingolf-hp-slider-2.jpg 1600w\" sizes=\"auto, (max-width: 1200px) 100vw, 1200px\" \/><\/figure><div class=\"wp-block-media-text__content\">\n<h3 class=\"wp-block-heading\">Ing. Alan Babick\u00fd, MBA<\/h3>\n\n\n\n<ul class=\"wp-block-list\">\n<li>Golf analyst and commentator for Eurosport. Author, golf journalist, translator.<\/li>\n\n\n\n<li>Member of the panel of lecturers of the Czech PGA for the education of professional coaches.<\/li>\n\n\n\n<li>Certified instructor of Confederation Of Professional Golfers Europe.<\/li>\n\n\n\n<li>Graduate of 6-month internship at Hank Haney Junior Academy<\/li>\n\n\n\n<li>Head coach of the Slovak Junior National Team 2006-2009<\/li>\n\n\n\n<li>Head coach NECKERMANN Golf Academy 2010-2013<\/li>\n\n\n\n<li>Member of the PGA of the Czech Republic since 2005.<\/li>\n\n\n\n<li>Author of the translation golf publications: The Great Encyclopedia of Golf, The Encyclopedia of Golf, The Little Red Book, Golf and its Technique, Junior Golf and others.<\/li>\n\n\n\n<li>Author of more than 300 golf-related articles.<\/li>\n<\/ul>\n\n\n\n<p><strong>High profile clients:<\/strong><\/p>\n\n\n\n<ul class=\"wp-block-list\">\n<li>Maty\u00e1\u0161 Zapletal \u2013 pro<\/li>\n\n\n\n<li>David Siwy \u2013 HCP +1,3<\/li>\n\n\n\n<li>Ella Hrbat\u00e1 \u2013 HCP 2 (11 years)<\/li>\n<\/ul>\n<\/div><\/div>\n<\/div><\/div>\n\n\n\n<div class=\"wp-block-group is-style-section--background\"><div class=\"wp-block-group__inner-container is-layout-constrained wp-block-group-is-layout-constrained\">\n<h2 class=\"wp-block-heading has-text-align-center\">Alan Player\u00b4s career<\/h2>\n\n\n\n<div class=\"wp-block-columns is-layout-flex wp-container-core-columns-is-layout-9d6595d7 wp-block-columns-is-layout-flex\">\n<div class=\"wp-block-column is-layout-flow wp-block-column-is-layout-flow\">\n<h3 class=\"wp-block-heading\">Professional:<\/h3>\n\n\n\n<ul class=\"wp-block-list\">\n<li>Two-time winner on Senior Golf Tour Europe (Munich Open 2020, Zala Springs Open 2019)<\/li>\n\n\n\n<li>Austrian PGA Senior Championship runner up, 2020<\/li>\n\n\n\n<li>2020, 2021 and 2023 PGAC Senior of the Year<\/li>\n\n\n\n<li>Multiple winner on the Senior Czech PGA Tour 2017-2023<\/li>\n\n\n\n<li>Multiple representative of the PGA of Czech Republic at the European Teaching Professionals Individual Championship 2017, 2015, 2013, 2012<\/li>\n\n\n\n<li>Nations Cup winner during the International Pro Am de Mougins, Cannes, France, 2008. Second overall in the individual pro qualification.<\/li>\n<\/ul>\n<\/div>\n\n\n\n<div class=\"wp-block-column is-layout-flow wp-block-column-is-layout-flow\">\n<h3 class=\"wp-block-heading\">Amateur:<\/h3>\n\n\n\n<ul class=\"wp-block-list\">\n<li>1st place, World Golfers Championship 2004, Thailand<\/li>\n\n\n\n<li>1st place, International Midamateur Championship of the Czech Republic 2004,<\/li>\n\n\n\n<li>1st place, International Midamateur Championship of the Czech Republic 2003,<\/li>\n\n\n\n<li>2nd place, World Golfers Championship 2003, Dominican Republic<\/li>\n\n\n\n<li>6th place, European Mid-Amateur Championship 2002, GC Dellach,<\/li>\n\n\n\n<li>Three-time champion of the Teams, Czech Republic<\/li>\n<\/ul>\n<\/div>\n<\/div>\n<\/div><\/div>\n\n\n\n<div class=\"wp-block-group is-style-section--normal\"><div class=\"wp-block-group__inner-container is-layout-constrained wp-block-group-is-layout-constrained\">\n<div class=\"wp-block-media-text has-media-on-the-right is-stacked-on-mobile\"><div class=\"wp-block-media-text__content\">\n<h2 class=\"wp-block-heading\">Products and popular topics:<\/h2>\n\n\n\n<ul class=\"wp-block-list\">\n<li>A gift voucher for your golfer for a&nbsp;game with Alan or a&nbsp;certain number of lessons<\/li>\n\n\n\n<li>How to train your junior &#8211; a&nbsp;series of lessons for parents<\/li>\n\n\n\n<li>On course strategy lessons<\/li>\n\n\n\n<li>Maximizing the ability to score at a&nbsp;your current handicap<\/li>\n\n\n\n<li>27 shots in the short game<\/li>\n\n\n\n<li>Putt like a&nbsp;tour player regardless of HCP<\/li>\n\n\n\n<li>The methodological purity of your swing philosophy<\/li>\n\n\n\n<li>Sparring play<\/li>\n<\/ul>\n\n\n<div class=\"wp-block-image\">\n<figure class=\"aligncenter size-large\"><img loading=\"lazy\" decoding=\"async\" width=\"1200\" height=\"571\" src=\"https:\/\/ingolf.cz\/wp-content\/uploads\/2024\/03\/Vanocni-darkovy-poukaz-AB-2022-1200x571.jpg\" alt=\"\" class=\"wp-image-554\" srcset=\"https:\/\/ingolf.cz\/wp-content\/uploads\/2024\/03\/Vanocni-darkovy-poukaz-AB-2022-1200x571.jpg 1200w, https:\/\/ingolf.cz\/wp-content\/uploads\/2024\/03\/Vanocni-darkovy-poukaz-AB-2022-306x146.jpg 306w, https:\/\/ingolf.cz\/wp-content\/uploads\/2024\/03\/Vanocni-darkovy-poukaz-AB-2022-768x366.jpg 768w, https:\/\/ingolf.cz\/wp-content\/uploads\/2024\/03\/Vanocni-darkovy-poukaz-AB-2022-1536x731.jpg 1536w, https:\/\/ingolf.cz\/wp-content\/uploads\/2024\/03\/Vanocni-darkovy-poukaz-AB-2022-2048x975.jpg 2048w\" sizes=\"auto, (max-width: 1200px) 100vw, 1200px\" \/><\/figure>\n<\/div><\/div><figure class=\"wp-block-media-text__media\"><img loading=\"lazy\" decoding=\"async\" width=\"926\" height=\"1200\" src=\"https:\/\/ingolf.cz\/wp-content\/uploads\/2024\/03\/kemp-letak-aktualizovany-926x1200.png\" alt=\"\" class=\"wp-image-580 size-full\" srcset=\"https:\/\/ingolf.cz\/wp-content\/uploads\/2024\/03\/kemp-letak-aktualizovany-926x1200.png 926w, https:\/\/ingolf.cz\/wp-content\/uploads\/2024\/03\/kemp-letak-aktualizovany-236x306.png 236w, https:\/\/ingolf.cz\/wp-content\/uploads\/2024\/03\/kemp-letak-aktualizovany-768x995.png 768w, https:\/\/ingolf.cz\/wp-content\/uploads\/2024\/03\/kemp-letak-aktualizovany-1186x1536.png 1186w, https:\/\/ingolf.cz\/wp-content\/uploads\/2024\/03\/kemp-letak-aktualizovany.png 1544w\" sizes=\"auto, (max-width: 926px) 100vw, 926px\" \/><\/figure><\/div>\n<\/div><\/div>\n\n\n\n<div id=\"kontakt\" class=\"wp-block-group is-style-section--normal\"><div class=\"wp-block-group__inner-container is-layout-constrained wp-block-group-is-layout-constrained\">\n<div class=\"wp-block-columns are-vertically-aligned-center is-layout-flex wp-container-core-columns-is-layout-9d6595d7 wp-block-columns-is-layout-flex\">\n<div class=\"wp-block-column is-vertically-aligned-center is-layout-flow wp-block-column-is-layout-flow\">\n<h1 class=\"wp-block-heading\">Contact<\/h1>\n\n\n\n<p class=\"has-medium-font-size\">For more information write or call.<\/p>\n\n\n\n<h3 class=\"wp-block-heading\">Contact person<\/h3>\n\n\n\n<p><strong>Alan Babick\u00fd<\/strong><br>owner, manager<br><a href=\"tel:+420737254445\">+420&nbsp;737&nbsp;254&nbsp;445<\/a><br><a href=\"mailto:ababicky@ingolf.cz\">ababicky@ingolf.cz<\/a><\/p>\n<\/div>\n\n\n\n<div class=\"wp-block-column is-vertically-aligned-center is-layout-flow wp-block-column-is-layout-flow\">\n<div class=\"wp-block-contact-form-7-contact-form-selector\">\n<div class=\"wpcf7 no-js\" id=\"wpcf7-f766-o1\" lang=\"cs-CZ\" dir=\"ltr\" data-wpcf7-id=\"766\">\n<div class=\"screen-reader-response\"><p role=\"status\" aria-live=\"polite\" aria-atomic=\"true\"><\/p> <ul><\/ul><\/div>\n<form action=\"\/en\/wp-json\/wp\/v2\/pages\/747#wpcf7-f766-o1\" method=\"post\" class=\"wpcf7-form init wpcf7-acceptance-as-validation\" aria-label=\"Kontaktn\u00ed formul\u00e1\u0159\" novalidate=\"novalidate\" data-status=\"init\">\n<fieldset class=\"hidden-fields-container\"><input type=\"hidden\" name=\"_wpcf7\" value=\"766\" \/><input type=\"hidden\" name=\"_wpcf7_version\" value=\"6.1.1\" \/><input type=\"hidden\" name=\"_wpcf7_locale\" value=\"cs_CZ\" \/><input type=\"hidden\" name=\"_wpcf7_unit_tag\" value=\"wpcf7-f766-o1\" \/><input type=\"hidden\" name=\"_wpcf7_container_post\" value=\"0\" \/><input type=\"hidden\" name=\"_wpcf7_posted_data_hash\" value=\"\" \/>\n<\/fieldset>\n<h3 class=\"form-title\">Write us<\/h3>\n<div class=\"form__row\">\n    <div class=\"form__input-wrapper\">\n        <label class=\"label\" for=\"full-name\">Full name <span>*<\/span><\/label>\n        <span class=\"wpcf7-form-control-wrap\" data-name=\"full-name\"><input size=\"40\" maxlength=\"400\" class=\"wpcf7-form-control wpcf7-text wpcf7-validates-as-required\" id=\"full-name\" aria-required=\"true\" aria-invalid=\"false\" value=\"\" type=\"text\" name=\"full-name\" \/><\/span>\n    <\/div>\n    <div class=\"form__input-wrapper\">\n        <label class=\"label\" for=\"email\">E-mail <span>*<\/span><\/label>\n        <span class=\"wpcf7-form-control-wrap\" data-name=\"email\"><input size=\"40\" maxlength=\"400\" class=\"wpcf7-form-control wpcf7-email wpcf7-validates-as-required wpcf7-text wpcf7-validates-as-email\" id=\"email\" aria-required=\"true\" aria-invalid=\"false\" value=\"\" type=\"email\" name=\"email\" \/><\/span>\n    <\/div>\n<\/div>\n<div class=\"form__row\">\n    <div class=\"form__input-wrapper\">\n        <label class=\"label\" for=\"phone\">Phone<\/label>\n        <span class=\"wpcf7-form-control-wrap\" data-name=\"phone\"><input size=\"40\" maxlength=\"400\" class=\"wpcf7-form-control wpcf7-tel wpcf7-text wpcf7-validates-as-tel\" id=\"phone\" aria-invalid=\"false\" value=\"\" type=\"tel\" name=\"phone\" \/><\/span>\n    <\/div>\n    <div class=\"form__input-wrapper\">\n        <label class=\"label\" for=\"subject\">Subject<\/label>\n        <span class=\"wpcf7-form-control-wrap\" data-name=\"subject\"><input size=\"40\" maxlength=\"400\" class=\"wpcf7-form-control wpcf7-text\" id=\"subject\" aria-invalid=\"false\" value=\"\" type=\"text\" name=\"subject\" \/><\/span>\n    <\/div>\n<\/div>\n<div class=\"form__input-wrapper\">\n    <label class=\"label\" for=\"message\">Message <span>*<\/span><\/label>\n    <span class=\"wpcf7-form-control-wrap\" data-name=\"message\"><textarea cols=\"40\" rows=\"4\" maxlength=\"2000\" class=\"wpcf7-form-control wpcf7-textarea wpcf7-validates-as-required\" id=\"message\" aria-required=\"true\" aria-invalid=\"false\" name=\"message\"><\/textarea><\/span>\n<\/div>\n\n<span id=\"wpcf7-69f8797116a5b-wrapper\" class=\"wpcf7-form-control-wrap website-wrap\" ><input type=\"hidden\" name=\"website-time-start\" value=\"1777891697\"><input type=\"hidden\" name=\"website-time-check\" value=\"4\"><input id=\"website\"  class=\"wpcf7-form-control wpcf7-text website\" type=\"text\" name=\"website\" value=\"\" size=\"40\" tabindex=\"-1\" autocomplete=\"off\" \/><\/span>\n<span class=\"wpcf7-form-control-wrap\" data-name=\"acceptance\"><span class=\"wpcf7-form-control wpcf7-acceptance\"><span class=\"wpcf7-list-item\"><label><input type=\"checkbox\" name=\"acceptance\" value=\"1\" class=\"acceptance\" id=\"acceptance\" aria-invalid=\"false\" \/><span class=\"wpcf7-list-item-label\">By submitting the form, you agree to the processing of personal data for communication purposes.<\/span><\/label><\/span><\/span><\/span>\n<!--<p class=\"google-recaptcha\">Tento web je chr\u00e1n\u011bn reCAPTCHA a plat\u00ed z\u00e1sady <a href=\"https:\/\/policies.google.com\/privacy\" target=\"_blank\">ochrany osobn\u00edch \u00fadaj\u016f<\/a> a <a href=\"https:\/\/policies.google.com\/terms\" target=\"_blank\">podm\u00ednky slu\u017eby<\/a> Google.<\/p>-->\n<div class=\"submit-wrapper\">\n    <div class=\"wpcf7-spinner\"><\/div>\n    <button class=\"button wpcf7-form-control wpcf7-submit\">Send message<\/button>\n<\/div><div class=\"wpcf7-response-output\" aria-hidden=\"true\"><\/div>\n<\/form>\n<\/div>\n<\/div>\n<\/div>\n<\/div>\n<\/div><\/div>\n","protected":false},"excerpt":{"rendered":"<p>Training with Alan Babick\u00fd Ing. Alan Babick\u00fd, MBA High profile clients: Alan Player\u00b4s career Professional: Amateur: Products and popular topics:&#8230;<\/p>\n","protected":false},"author":1,"featured_media":0,"parent":756,"menu_order":3,"comment_status":"closed","ping_status":"closed","template":"","meta":{"_acf_changed":false,"footnotes":""},"class_list":["post-747","page","type-page","status-publish","hentry"],"acf":[],"_links":{"self":[{"href":"https:\/\/ingolf.cz\/en\/wp-json\/wp\/v2\/pages\/747","targetHints":{"allow":["GET"]}}],"collection":[{"href":"https:\/\/ingolf.cz\/en\/wp-json\/wp\/v2\/pages"}],"about":[{"href":"https:\/\/ingolf.cz\/en\/wp-json\/wp\/v2\/types\/page"}],"author":[{"embeddable":true,"href":"https:\/\/ingolf.cz\/en\/wp-json\/wp\/v2\/users\/1"}],"replies":[{"embeddable":true,"href":"https:\/\/ingolf.cz\/en\/wp-json\/wp\/v2\/comments?post=747"}],"version-history":[{"count":1,"href":"https:\/\/ingolf.cz\/en\/wp-json\/wp\/v2\/pages\/747\/revisions"}],"predecessor-version":[{"id":790,"href":"https:\/\/ingolf.cz\/en\/wp-json\/wp\/v2\/pages\/747\/revisions\/790"}],"up":[{"embeddable":true,"href":"https:\/\/ingolf.cz\/en\/wp-json\/wp\/v2\/pages\/756"}],"wp:attachment":[{"href":"https:\/\/ingolf.cz\/en\/wp-json\/wp\/v2\/media?parent=747"}],"curies":[{"name":"wp","href":"https:\/\/api.w.org\/{rel}","templated":true}]}}